{"id":2506,"date":"2026-04-15T12:26:00","date_gmt":"2026-04-15T10:26:00","guid":{"rendered":"https:\/\/eskubiturroarquitectes.com\/politica-de-privacidad\/"},"modified":"2026-04-15T12:26:00","modified_gmt":"2026-04-15T10:26:00","slug":"politica-de-privacidad","status":"publish","type":"page","link":"https:\/\/eskubiturroarquitectes.com\/es\/politica-de-privacidad\/","title":{"rendered":"Pol\u00edtica de privacidad"},"content":{"rendered":"<p>En <strong>Eskubi Turr\u00f3 Arquitectes S.L.P.<\/strong> nos comprometemos a proteger la privacidad de las personas usuarias de nuestro sitio web.<\/p>\n<h3>1. Responsable del tratamiento<\/h3>\n<p>Responsable: Eskubi Turr\u00f3 Arquitectes S.L.P.<br \/>\nCIF: B-62037486<br \/>\nDirecci\u00f3n: Carrer Girona, 62 PB local 1b, 08009 Barcelona<br \/>\nTel\u00e9fono: 932 469 314<br \/>\nCorreo electr\u00f3nico: <a href=\"mailto:esk-nur@coac.net\">esk-nur@coac.net<\/a><\/p>\n<h3>2. Datos que recogemos<\/h3>\n<p>Podemos recoger datos personales a trav\u00e9s de los distintos formularios o canales de contacto disponibles en la web, como por ejemplo:<\/p>\n<ul>\n<li>Nombre<\/li>\n<li>Correo electr\u00f3nico<\/li>\n<li>Tel\u00e9fono<\/li>\n<li>Cualquier otra informaci\u00f3n que la persona usuaria facilite voluntariamente<\/li>\n<\/ul>\n<h3>3. Finalidad del tratamiento<\/h3>\n<p>Los datos se tratan con la finalidad de:<\/p>\n<ul>\n<li>Atender consultas y solicitudes<\/li>\n<li>Gestionar la relaci\u00f3n con las personas usuarias<\/li>\n<li>Prestar los servicios solicitados<\/li>\n<\/ul>\n<h3>4. Legitimaci\u00f3n<\/h3>\n<p>La base legal para el tratamiento de los datos es el consentimiento de la persona usuaria al facilitar sus datos.<\/p>\n<h3>5. Conservaci\u00f3n de los datos<\/h3>\n<p>Los datos se conservar\u00e1n el tiempo necesario para cumplir con la finalidad para la que han sido recogidos y para determinar posibles responsabilidades legales.<\/p>\n<h3>6. Comunicaci\u00f3n de datos<\/h3>\n<p>No se ceder\u00e1n datos a terceros, salvo obligaci\u00f3n legal.<\/p>\n<h3>7. Derechos de las personas usuarias<\/h3>\n<p>La persona usuaria puede ejercer sus derechos de acceso, rectificaci\u00f3n, supresi\u00f3n y otros derechos enviando un correo electr\u00f3nico a la direcci\u00f3n indicada anteriormente.<\/p>\n<h3>8. Seguridad<\/h3>\n<p>Se adoptan las medidas t\u00e9cnicas y organizativas necesarias para garantizar la seguridad de los datos personales.<\/p>\n","protected":false},"excerpt":{"rendered":"<p>En Eskubi Turr\u00f3 Arquitectes S.L.P. nos comprometemos a proteger la privacidad de las personas usuarias de nuestro sitio web. 1. Responsable del tratamiento Responsable: Eskubi Turr\u00f3 Arquitectes S.L.P. CIF: B-62037486 Direcci\u00f3n: Carrer Girona, 62 PB local 1b, 08009 Barcelona Tel\u00e9fono: 932 469 314 Correo electr\u00f3nico: esk-nur@coac.net 2. Datos que recogemos Podemos recoger datos personales a [&hellip;]<\/p>\n","protected":false},"author":2,"featured_media":0,"parent":0,"menu_order":0,"comment_status":"closed","ping_status":"closed","template":"","meta":{"_acf_changed":false,"footnotes":""},"class_list":["post-2506","page","type-page","status-publish","hentry"],"acf":[],"yoast_head":"<!-- This site is optimized with the Yoast SEO plugin v27.4 - https:\/\/yoast.com\/product\/yoast-seo-wordpress\/ -->\n<title>Pol\u00edtica de privacidad &#8226; Eskubi Turr\u00f3 Arquitectes<\/title>\n<meta name=\"robots\" content=\"index, follow, max-snippet:-1, max-image-preview:large, max-video-preview:-1\" \/>\n<link rel=\"canonical\" href=\"https:\/\/eskubiturroarquitectes.com\/politica-de-privacidad\/\" \/>\n<meta property=\"og:locale\" content=\"es_ES\" \/>\n<meta property=\"og:type\" content=\"article\" \/>\n<meta property=\"og:title\" content=\"Pol\u00edtica de privacidad &#8226; Eskubi Turr\u00f3 Arquitectes\" \/>\n<meta property=\"og:description\" content=\"En Eskubi Turr\u00f3 Arquitectes S.L.P. nos comprometemos a proteger la privacidad de las personas usuarias de nuestro sitio web. 1. Responsable del tratamiento Responsable: Eskubi Turr\u00f3 Arquitectes S.L.P. CIF: B-62037486 Direcci\u00f3n: Carrer Girona, 62 PB local 1b, 08009 Barcelona Tel\u00e9fono: 932 469 314 Correo electr\u00f3nico: esk-nur@coac.net 2. Datos que recogemos Podemos recoger datos personales a [&hellip;]\" \/>\n<meta property=\"og:url\" content=\"https:\/\/eskubiturroarquitectes.com\/politica-de-privacidad\/\" \/>\n<meta property=\"og:site_name\" content=\"Eskubi Turr\u00f3 Arquitectes\" \/>\n<meta name=\"twitter:card\" content=\"summary_large_image\" \/>\n<meta name=\"twitter:label1\" content=\"Tiempo de lectura\" \/>\n\t<meta name=\"twitter:data1\" content=\"1 minuto\" \/>\n<script type=\"application\/ld+json\" class=\"yoast-schema-graph\">{\"@context\":\"https:\\\/\\\/schema.org\",\"@graph\":[{\"@type\":\"WebPage\",\"@id\":\"https:\\\/\\\/eskubiturroarquitectes.com\\\/politica-de-privacidad\\\/\",\"url\":\"https:\\\/\\\/eskubiturroarquitectes.com\\\/politica-de-privacidad\\\/\",\"name\":\"Pol\u00edtica de privacidad &#8226; Eskubi Turr\u00f3 Arquitectes\",\"isPartOf\":{\"@id\":\"https:\\\/\\\/eskubiturroarquitectes.com\\\/#website\"},\"datePublished\":\"2026-04-15T10:26:00+00:00\",\"breadcrumb\":{\"@id\":\"https:\\\/\\\/eskubiturroarquitectes.com\\\/politica-de-privacidad\\\/#breadcrumb\"},\"inLanguage\":\"es\",\"potentialAction\":[{\"@type\":\"ReadAction\",\"target\":[\"https:\\\/\\\/eskubiturroarquitectes.com\\\/politica-de-privacidad\\\/\"]}]},{\"@type\":\"BreadcrumbList\",\"@id\":\"https:\\\/\\\/eskubiturroarquitectes.com\\\/politica-de-privacidad\\\/#breadcrumb\",\"itemListElement\":[{\"@type\":\"ListItem\",\"position\":1,\"name\":\"Inici\",\"item\":\"https:\\\/\\\/eskubiturroarquitectes.com\\\/\"},{\"@type\":\"ListItem\",\"position\":2,\"name\":\"Pol\u00edtica de privacidad\"}]},{\"@type\":\"WebSite\",\"@id\":\"https:\\\/\\\/eskubiturroarquitectes.com\\\/#website\",\"url\":\"https:\\\/\\\/eskubiturroarquitectes.com\\\/\",\"name\":\"Eskubi Turr\u00f3 Arquitectes\",\"description\":\"Especialitzats en el disseny, c\u00e0lcul d\u2019estructures i arquitectura d\u2019obra pr\u00f2pia\",\"publisher\":{\"@id\":\"https:\\\/\\\/eskubiturroarquitectes.com\\\/#organization\"},\"potentialAction\":[{\"@type\":\"SearchAction\",\"target\":{\"@type\":\"EntryPoint\",\"urlTemplate\":\"https:\\\/\\\/eskubiturroarquitectes.com\\\/?s={search_term_string}\"},\"query-input\":{\"@type\":\"PropertyValueSpecification\",\"valueRequired\":true,\"valueName\":\"search_term_string\"}}],\"inLanguage\":\"es\"},{\"@type\":\"Organization\",\"@id\":\"https:\\\/\\\/eskubiturroarquitectes.com\\\/#organization\",\"name\":\"Eskubi Turr\u00f3 Arquitectes\",\"url\":\"https:\\\/\\\/eskubiturroarquitectes.com\\\/\",\"logo\":{\"@type\":\"ImageObject\",\"inLanguage\":\"es\",\"@id\":\"https:\\\/\\\/eskubiturroarquitectes.com\\\/#\\\/schema\\\/logo\\\/image\\\/\",\"url\":\"https:\\\/\\\/eskubiturroarquitectes.com\\\/wp-content\\\/uploads\\\/2026\\\/03\\\/logo.svg\",\"contentUrl\":\"https:\\\/\\\/eskubiturroarquitectes.com\\\/wp-content\\\/uploads\\\/2026\\\/03\\\/logo.svg\",\"caption\":\"Eskubi Turr\u00f3 Arquitectes\"},\"image\":{\"@id\":\"https:\\\/\\\/eskubiturroarquitectes.com\\\/#\\\/schema\\\/logo\\\/image\\\/\"}}]}<\/script>\n<!-- \/ Yoast SEO plugin. -->","yoast_head_json":{"title":"Pol\u00edtica de privacidad &#8226; Eskubi Turr\u00f3 Arquitectes","robots":{"index":"index","follow":"follow","max-snippet":"max-snippet:-1","max-image-preview":"max-image-preview:large","max-video-preview":"max-video-preview:-1"},"canonical":"https:\/\/eskubiturroarquitectes.com\/politica-de-privacidad\/","og_locale":"es_ES","og_type":"article","og_title":"Pol\u00edtica de privacidad &#8226; Eskubi Turr\u00f3 Arquitectes","og_description":"En Eskubi Turr\u00f3 Arquitectes S.L.P. nos comprometemos a proteger la privacidad de las personas usuarias de nuestro sitio web. 1. Responsable del tratamiento Responsable: Eskubi Turr\u00f3 Arquitectes S.L.P. CIF: B-62037486 Direcci\u00f3n: Carrer Girona, 62 PB local 1b, 08009 Barcelona Tel\u00e9fono: 932 469 314 Correo electr\u00f3nico: esk-nur@coac.net 2. Datos que recogemos Podemos recoger datos personales a [&hellip;]","og_url":"https:\/\/eskubiturroarquitectes.com\/politica-de-privacidad\/","og_site_name":"Eskubi Turr\u00f3 Arquitectes","twitter_card":"summary_large_image","twitter_misc":{"Tiempo de lectura":"1 minuto"},"schema":{"@context":"https:\/\/schema.org","@graph":[{"@type":"WebPage","@id":"https:\/\/eskubiturroarquitectes.com\/politica-de-privacidad\/","url":"https:\/\/eskubiturroarquitectes.com\/politica-de-privacidad\/","name":"Pol\u00edtica de privacidad &#8226; Eskubi Turr\u00f3 Arquitectes","isPartOf":{"@id":"https:\/\/eskubiturroarquitectes.com\/#website"},"datePublished":"2026-04-15T10:26:00+00:00","breadcrumb":{"@id":"https:\/\/eskubiturroarquitectes.com\/politica-de-privacidad\/#breadcrumb"},"inLanguage":"es","potentialAction":[{"@type":"ReadAction","target":["https:\/\/eskubiturroarquitectes.com\/politica-de-privacidad\/"]}]},{"@type":"BreadcrumbList","@id":"https:\/\/eskubiturroarquitectes.com\/politica-de-privacidad\/#breadcrumb","itemListElement":[{"@type":"ListItem","position":1,"name":"Inici","item":"https:\/\/eskubiturroarquitectes.com\/"},{"@type":"ListItem","position":2,"name":"Pol\u00edtica de privacidad"}]},{"@type":"WebSite","@id":"https:\/\/eskubiturroarquitectes.com\/#website","url":"https:\/\/eskubiturroarquitectes.com\/","name":"Eskubi Turr\u00f3 Arquitectes","description":"Especialitzats en el disseny, c\u00e0lcul d\u2019estructures i arquitectura d\u2019obra pr\u00f2pia","publisher":{"@id":"https:\/\/eskubiturroarquitectes.com\/#organization"},"potentialAction":[{"@type":"SearchAction","target":{"@type":"EntryPoint","urlTemplate":"https:\/\/eskubiturroarquitectes.com\/?s={search_term_string}"},"query-input":{"@type":"PropertyValueSpecification","valueRequired":true,"valueName":"search_term_string"}}],"inLanguage":"es"},{"@type":"Organization","@id":"https:\/\/eskubiturroarquitectes.com\/#organization","name":"Eskubi Turr\u00f3 Arquitectes","url":"https:\/\/eskubiturroarquitectes.com\/","logo":{"@type":"ImageObject","inLanguage":"es","@id":"https:\/\/eskubiturroarquitectes.com\/#\/schema\/logo\/image\/","url":"https:\/\/eskubiturroarquitectes.com\/wp-content\/uploads\/2026\/03\/logo.svg","contentUrl":"https:\/\/eskubiturroarquitectes.com\/wp-content\/uploads\/2026\/03\/logo.svg","caption":"Eskubi Turr\u00f3 Arquitectes"},"image":{"@id":"https:\/\/eskubiturroarquitectes.com\/#\/schema\/logo\/image\/"}}]}},"_links":{"self":[{"href":"https:\/\/eskubiturroarquitectes.com\/es\/wp-json\/wp\/v2\/pages\/2506","targetHints":{"allow":["GET"]}}],"collection":[{"href":"https:\/\/eskubiturroarquitectes.com\/es\/wp-json\/wp\/v2\/pages"}],"about":[{"href":"https:\/\/eskubiturroarquitectes.com\/es\/wp-json\/wp\/v2\/types\/page"}],"author":[{"embeddable":true,"href":"https:\/\/eskubiturroarquitectes.com\/es\/wp-json\/wp\/v2\/users\/2"}],"replies":[{"embeddable":true,"href":"https:\/\/eskubiturroarquitectes.com\/es\/wp-json\/wp\/v2\/comments?post=2506"}],"version-history":[{"count":0,"href":"https:\/\/eskubiturroarquitectes.com\/es\/wp-json\/wp\/v2\/pages\/2506\/revisions"}],"wp:attachment":[{"href":"https:\/\/eskubiturroarquitectes.com\/es\/wp-json\/wp\/v2\/media?parent=2506"}],"curies":[{"name":"wp","href":"https:\/\/api.w.org\/{rel}","templated":true}]}}