{"id":1848,"date":"2026-04-12T20:01:22","date_gmt":"2026-04-12T18:01:22","guid":{"rendered":"https:\/\/eskubiturroarquitectes.com\/aviso-legal\/"},"modified":"2026-04-15T02:10:31","modified_gmt":"2026-04-15T00:10:31","slug":"aviso-legal","status":"publish","type":"page","link":"https:\/\/eskubiturroarquitectes.com\/es\/aviso-legal\/","title":{"rendered":"Aviso Legal"},"content":{"rendered":"\n<p>El dominio: <a class=\"decorated-link\" href=\"https:\/\/www.eskubiturroarquitectes.com\/\" target=\"_new\" rel=\"noopener\" data-start=\"86\" data-end=\"125\">https:\/\/www.eskubiturroarquitectes.com\/<\/a> es propiedad de Eskubi Turr\u00f3 Arquitectes S.L.P., con CIF B-62037486 y domicilio en Carrer Girona, 62 PB local 1b, 08009 Barcelona. Tambi\u00e9n puede ponerse en contacto con nosotros en el tel\u00e9fono 932 469 314 o por correo electr\u00f3nico en <a class=\"decorated-link cursor-pointer\" rel=\"noopener\" data-start=\"359\" data-end=\"375\">esk-nur@coac.net<\/a>.<\/p>\n\n<h3 class=\"wp-block-heading\">Propiedad intelectual e industrial:<\/h3>\n\n<p>La totalidad del contenido de este sitio web est\u00e1 protegido por derechos de propiedad industrial e intelectual que el usuario de este sitio web debe respetar. Queda prohibida la reproducci\u00f3n, salvo para uso privado, la comunicaci\u00f3n o distribuci\u00f3n de los materiales incluidos en este sitio web sin la autorizaci\u00f3n expresa de Eskubi Turr\u00f3 Arquitectes S.L.P.<\/p>\n\n<h3 class=\"wp-block-heading\">Protecci\u00f3n de datos:<\/h3>\n\n<p>De conformidad con lo dispuesto en la Ley Org\u00e1nica 15\/1999, de 13 de diciembre, de Protecci\u00f3n de Datos de Car\u00e1cter Personal (LOPD), le informamos de que sus datos personales son incorporados en ficheros titularidad de Eskubi Turr\u00f3 Arquitectes S.L.P., con la finalidad de poder atender adecuadamente sus solicitudes de informaci\u00f3n, elaborar los presupuestos que puedan solicitarnos y enviar el bolet\u00edn corporativo con informaci\u00f3n relativa a propuestas y tendencias, as\u00ed como otras comunicaciones de car\u00e1cter comercial.<\/p>\n\n<p>Para ejercer los derechos de acceso, rectificaci\u00f3n, cancelaci\u00f3n y oposici\u00f3n que contempla la Ley, puede dirigirse mediante correo electr\u00f3nico a <a class=\"decorated-link cursor-pointer\" href=\"mailto:esk-nur@coac.net\" rel=\"noopener\" data-start=\"1465\" data-end=\"1481\">esk-nur@coac.net<\/a>. Ref. Protecci\u00f3n de datos.<\/p>\n","protected":false},"excerpt":{"rendered":"<p>El dominio: https:\/\/www.eskubiturroarquitectes.com\/ es propiedad de Eskubi Turr\u00f3 Arquitectes S.L.P., con CIF B-62037486 y domicilio en Carrer Girona, 62 PB local 1b, 08009 Barcelona. Tambi\u00e9n puede ponerse en contacto con nosotros en el tel\u00e9fono 932 469 314 o por correo electr\u00f3nico en esk-nur@coac.net. Propiedad intelectual e industrial: La totalidad del contenido de este sitio web [&hellip;]<\/p>\n","protected":false},"author":1,"featured_media":0,"parent":0,"menu_order":0,"comment_status":"closed","ping_status":"closed","template":"","meta":{"_acf_changed":false,"footnotes":""},"class_list":["post-1848","page","type-page","status-publish","hentry"],"acf":[],"yoast_head":"<!-- This site is optimized with the Yoast SEO plugin v27.4 - https:\/\/yoast.com\/product\/yoast-seo-wordpress\/ -->\n<title>Aviso Legal &#8226; Eskubi Turr\u00f3 Arquitectes<\/title>\n<meta name=\"robots\" content=\"index, follow, max-snippet:-1, max-image-preview:large, max-video-preview:-1\" \/>\n<link rel=\"canonical\" href=\"https:\/\/eskubiturroarquitectes.com\/es\/aviso-legal\/\" \/>\n<meta property=\"og:locale\" content=\"es_ES\" \/>\n<meta property=\"og:type\" content=\"article\" \/>\n<meta property=\"og:title\" content=\"Aviso Legal &#8226; Eskubi Turr\u00f3 Arquitectes\" \/>\n<meta property=\"og:description\" content=\"El dominio: https:\/\/www.eskubiturroarquitectes.com\/ es propiedad de Eskubi Turr\u00f3 Arquitectes S.L.P., con CIF B-62037486 y domicilio en Carrer Girona, 62 PB local 1b, 08009 Barcelona. Tambi\u00e9n puede ponerse en contacto con nosotros en el tel\u00e9fono 932 469 314 o por correo electr\u00f3nico en esk-nur@coac.net. Propiedad intelectual e industrial: La totalidad del contenido de este sitio web [&hellip;]\" \/>\n<meta property=\"og:url\" content=\"https:\/\/eskubiturroarquitectes.com\/es\/aviso-legal\/\" \/>\n<meta property=\"og:site_name\" content=\"Eskubi Turr\u00f3 Arquitectes\" \/>\n<meta property=\"article:modified_time\" content=\"2026-04-15T00:10:31+00:00\" \/>\n<meta name=\"twitter:card\" content=\"summary_large_image\" \/>\n<meta name=\"twitter:label1\" content=\"Tiempo de lectura\" \/>\n\t<meta name=\"twitter:data1\" content=\"1 minuto\" \/>\n<script type=\"application\/ld+json\" class=\"yoast-schema-graph\">{\"@context\":\"https:\\\/\\\/schema.org\",\"@graph\":[{\"@type\":\"WebPage\",\"@id\":\"https:\\\/\\\/eskubiturroarquitectes.com\\\/es\\\/aviso-legal\\\/\",\"url\":\"https:\\\/\\\/eskubiturroarquitectes.com\\\/es\\\/aviso-legal\\\/\",\"name\":\"Aviso Legal &#8226; Eskubi Turr\u00f3 Arquitectes\",\"isPartOf\":{\"@id\":\"https:\\\/\\\/eskubiturroarquitectes.com\\\/#website\"},\"datePublished\":\"2026-04-12T18:01:22+00:00\",\"dateModified\":\"2026-04-15T00:10:31+00:00\",\"breadcrumb\":{\"@id\":\"https:\\\/\\\/eskubiturroarquitectes.com\\\/es\\\/aviso-legal\\\/#breadcrumb\"},\"inLanguage\":\"es\",\"potentialAction\":[{\"@type\":\"ReadAction\",\"target\":[\"https:\\\/\\\/eskubiturroarquitectes.com\\\/es\\\/aviso-legal\\\/\"]}]},{\"@type\":\"BreadcrumbList\",\"@id\":\"https:\\\/\\\/eskubiturroarquitectes.com\\\/es\\\/aviso-legal\\\/#breadcrumb\",\"itemListElement\":[{\"@type\":\"ListItem\",\"position\":1,\"name\":\"Inici\",\"item\":\"https:\\\/\\\/eskubiturroarquitectes.com\\\/\"},{\"@type\":\"ListItem\",\"position\":2,\"name\":\"Aviso Legal\"}]},{\"@type\":\"WebSite\",\"@id\":\"https:\\\/\\\/eskubiturroarquitectes.com\\\/#website\",\"url\":\"https:\\\/\\\/eskubiturroarquitectes.com\\\/\",\"name\":\"Eskubi Turr\u00f3 Arquitectes\",\"description\":\"Especialitzats en el disseny, c\u00e0lcul d\u2019estructures i arquitectura d\u2019obra pr\u00f2pia\",\"publisher\":{\"@id\":\"https:\\\/\\\/eskubiturroarquitectes.com\\\/#organization\"},\"potentialAction\":[{\"@type\":\"SearchAction\",\"target\":{\"@type\":\"EntryPoint\",\"urlTemplate\":\"https:\\\/\\\/eskubiturroarquitectes.com\\\/?s={search_term_string}\"},\"query-input\":{\"@type\":\"PropertyValueSpecification\",\"valueRequired\":true,\"valueName\":\"search_term_string\"}}],\"inLanguage\":\"es\"},{\"@type\":\"Organization\",\"@id\":\"https:\\\/\\\/eskubiturroarquitectes.com\\\/#organization\",\"name\":\"Eskubi Turr\u00f3 Arquitectes\",\"url\":\"https:\\\/\\\/eskubiturroarquitectes.com\\\/\",\"logo\":{\"@type\":\"ImageObject\",\"inLanguage\":\"es\",\"@id\":\"https:\\\/\\\/eskubiturroarquitectes.com\\\/#\\\/schema\\\/logo\\\/image\\\/\",\"url\":\"https:\\\/\\\/eskubiturroarquitectes.com\\\/wp-content\\\/uploads\\\/2026\\\/03\\\/logo.svg\",\"contentUrl\":\"https:\\\/\\\/eskubiturroarquitectes.com\\\/wp-content\\\/uploads\\\/2026\\\/03\\\/logo.svg\",\"caption\":\"Eskubi Turr\u00f3 Arquitectes\"},\"image\":{\"@id\":\"https:\\\/\\\/eskubiturroarquitectes.com\\\/#\\\/schema\\\/logo\\\/image\\\/\"}}]}<\/script>\n<!-- \/ Yoast SEO plugin. -->","yoast_head_json":{"title":"Aviso Legal &#8226; Eskubi Turr\u00f3 Arquitectes","robots":{"index":"index","follow":"follow","max-snippet":"max-snippet:-1","max-image-preview":"max-image-preview:large","max-video-preview":"max-video-preview:-1"},"canonical":"https:\/\/eskubiturroarquitectes.com\/es\/aviso-legal\/","og_locale":"es_ES","og_type":"article","og_title":"Aviso Legal &#8226; Eskubi Turr\u00f3 Arquitectes","og_description":"El dominio: https:\/\/www.eskubiturroarquitectes.com\/ es propiedad de Eskubi Turr\u00f3 Arquitectes S.L.P., con CIF B-62037486 y domicilio en Carrer Girona, 62 PB local 1b, 08009 Barcelona. Tambi\u00e9n puede ponerse en contacto con nosotros en el tel\u00e9fono 932 469 314 o por correo electr\u00f3nico en esk-nur@coac.net. Propiedad intelectual e industrial: La totalidad del contenido de este sitio web [&hellip;]","og_url":"https:\/\/eskubiturroarquitectes.com\/es\/aviso-legal\/","og_site_name":"Eskubi Turr\u00f3 Arquitectes","article_modified_time":"2026-04-15T00:10:31+00:00","twitter_card":"summary_large_image","twitter_misc":{"Tiempo de lectura":"1 minuto"},"schema":{"@context":"https:\/\/schema.org","@graph":[{"@type":"WebPage","@id":"https:\/\/eskubiturroarquitectes.com\/es\/aviso-legal\/","url":"https:\/\/eskubiturroarquitectes.com\/es\/aviso-legal\/","name":"Aviso Legal &#8226; Eskubi Turr\u00f3 Arquitectes","isPartOf":{"@id":"https:\/\/eskubiturroarquitectes.com\/#website"},"datePublished":"2026-04-12T18:01:22+00:00","dateModified":"2026-04-15T00:10:31+00:00","breadcrumb":{"@id":"https:\/\/eskubiturroarquitectes.com\/es\/aviso-legal\/#breadcrumb"},"inLanguage":"es","potentialAction":[{"@type":"ReadAction","target":["https:\/\/eskubiturroarquitectes.com\/es\/aviso-legal\/"]}]},{"@type":"BreadcrumbList","@id":"https:\/\/eskubiturroarquitectes.com\/es\/aviso-legal\/#breadcrumb","itemListElement":[{"@type":"ListItem","position":1,"name":"Inici","item":"https:\/\/eskubiturroarquitectes.com\/"},{"@type":"ListItem","position":2,"name":"Aviso Legal"}]},{"@type":"WebSite","@id":"https:\/\/eskubiturroarquitectes.com\/#website","url":"https:\/\/eskubiturroarquitectes.com\/","name":"Eskubi Turr\u00f3 Arquitectes","description":"Especialitzats en el disseny, c\u00e0lcul d\u2019estructures i arquitectura d\u2019obra pr\u00f2pia","publisher":{"@id":"https:\/\/eskubiturroarquitectes.com\/#organization"},"potentialAction":[{"@type":"SearchAction","target":{"@type":"EntryPoint","urlTemplate":"https:\/\/eskubiturroarquitectes.com\/?s={search_term_string}"},"query-input":{"@type":"PropertyValueSpecification","valueRequired":true,"valueName":"search_term_string"}}],"inLanguage":"es"},{"@type":"Organization","@id":"https:\/\/eskubiturroarquitectes.com\/#organization","name":"Eskubi Turr\u00f3 Arquitectes","url":"https:\/\/eskubiturroarquitectes.com\/","logo":{"@type":"ImageObject","inLanguage":"es","@id":"https:\/\/eskubiturroarquitectes.com\/#\/schema\/logo\/image\/","url":"https:\/\/eskubiturroarquitectes.com\/wp-content\/uploads\/2026\/03\/logo.svg","contentUrl":"https:\/\/eskubiturroarquitectes.com\/wp-content\/uploads\/2026\/03\/logo.svg","caption":"Eskubi Turr\u00f3 Arquitectes"},"image":{"@id":"https:\/\/eskubiturroarquitectes.com\/#\/schema\/logo\/image\/"}}]}},"_links":{"self":[{"href":"https:\/\/eskubiturroarquitectes.com\/es\/wp-json\/wp\/v2\/pages\/1848","targetHints":{"allow":["GET"]}}],"collection":[{"href":"https:\/\/eskubiturroarquitectes.com\/es\/wp-json\/wp\/v2\/pages"}],"about":[{"href":"https:\/\/eskubiturroarquitectes.com\/es\/wp-json\/wp\/v2\/types\/page"}],"author":[{"embeddable":true,"href":"https:\/\/eskubiturroarquitectes.com\/es\/wp-json\/wp\/v2\/users\/1"}],"replies":[{"embeddable":true,"href":"https:\/\/eskubiturroarquitectes.com\/es\/wp-json\/wp\/v2\/comments?post=1848"}],"version-history":[{"count":1,"href":"https:\/\/eskubiturroarquitectes.com\/es\/wp-json\/wp\/v2\/pages\/1848\/revisions"}],"predecessor-version":[{"id":1849,"href":"https:\/\/eskubiturroarquitectes.com\/es\/wp-json\/wp\/v2\/pages\/1848\/revisions\/1849"}],"wp:attachment":[{"href":"https:\/\/eskubiturroarquitectes.com\/es\/wp-json\/wp\/v2\/media?parent=1848"}],"curies":[{"name":"wp","href":"https:\/\/api.w.org\/{rel}","templated":true}]}}